{"id":80,"date":"2012-10-16T07:15:58","date_gmt":"2012-10-16T05:15:58","guid":{"rendered":"http:\/\/teutostahl.de\/ts\/?page_id=80"},"modified":"2012-10-16T08:10:11","modified_gmt":"2012-10-16T06:10:11","slug":"bluesman","status":"publish","type":"page","link":"https:\/\/teutostahl.de\/ts\/uber-uns\/bluesman\/","title":{"rendered":"Bluesman"},"content":{"rendered":"<h3>Ich bin Bluesman&#8230;<\/h3>\n<h3>Ich m\u00f6chte zu Anfang einmal etwas zur Idee und Entstehung dieser Internetseite erz\u00e4hlen.<\/h3>\n<h3>Daf\u00fcr muss ich, typisch f\u00fcr mich, etwas weiter ausholen. Ich fange mal ganz vorne an: <img title=\"Weiterlesen \u2026\" src=\"http:\/\/teutostahl.de\/ts\/wp-includes\/js\/tinymce\/plugins\/wordpress\/img\/trans.gif\" alt=\"\" \/><\/h3>\n<h5>Mit 12 Jahren ging es los, als mir mein Vater eine DKW Hummel vom Schrott mitbrachte.<br \/>\nDann wurde angefangen, an Mopeds rum zu schrauben. Zusammen mit meinem Cousin Uwe bekam ich sie zum Laufen.<!--nextpage--><\/h5>\n<h5>Uwe hatte schon etwas mehr Ahnung und wusste zumindest schon mal, wie man ein Fenster in den Kolben feilt und wie man den Kolben dazu ausbauen muss.<br \/>\nUnd dann knatterten wir auf dem Acker rum. Ja das ist der Vorteil, wenn man am Arsch der Welt mitten auf dem Lande wohnt.<br \/>\nIm Fernseher lief 1976 auch nicht viel&#8230;ja 3 Programme, immer Schnee im Bild&#8230;weil nur Zimmerantenne&#8230;ja was hatten wir damals mit 12 Jahren als Alternativen&#8230;\u00fcble Kindheit&#8230;..darum wurde an Mopeds geschraubt&#8230;zum Gl\u00fcck!<!--nextpage--><\/h5>\n<h5>Dann kamen weitere Mopeds und mit 15 Jahren die Puck Maxi N. Starrahmen nat\u00fcrlich.<br \/>\nFederung war f\u00fcr Weicheier.\u00a0 Mit 16 Kleinkraftrad, 50 ccm Hercules mit gro\u00dfem Kennzeichen, 800 DM Versicherung j\u00e4hrlich, aber egal.<\/h5>\n<h5>Mit 18 Jahren Honda XL 600, nat\u00fcrlich nur mit Kicker und in der ersten Woche 3 kg abgenommen. Danach konnte man aber ankicken.<\/h5>\n<h5>Dann kamen viele Enduros und auch eine Zeit, in der Familie vorging und das Motorradfahren in den Hintergrund r\u00fcckte.<!--nextpage--><\/h5>\n<h5>Und, obwohl ich niemals Harley fahren wollte und viel \u00fcber die Gekreuzigten gel\u00e4stert habe, rief mich unser Schlagzeuger Friedhelm an und erz\u00e4hlte mir was von einer Sporty.<br \/>\nDas Angebot h\u00f6rte sich verlockend an .<br \/>\nDie Sporty kaufte ich, sie bekam ein sch\u00f6nes Nietenlook &#8211; Airbrush von Arti ( Rio kannte ich damals noch nicht ) und ich bobberte damit in ganz Europa rum.<br \/>\nDann kam eine Fatboy und ich merkte, dass man auch gut mit einer Harley fahren kann, ohne immer schrauben zu m\u00fcssen.<br \/>\nHier muss ich aber ehrlicherweise sagen, dass es alles EVOs waren.<img title=\"N\u00e4chste Seite \u2026\" src=\"http:\/\/teutostahl.de\/ts\/wp-includes\/js\/tinymce\/plugins\/wordpress\/img\/trans.gif\" alt=\"\" \/><!--nextpage--><\/h5>\n<h5>Nun ja, jetzt fragt Ihr Euch, was hat das mit Teutostahl und Endzeit zu tun.<br \/>\nAber ich m\u00f6chte eben mal ganz vorne anfangen&#8230;&#8230;und dann war da noch die Vorliebe f\u00fcr Endzeitfilme wie<\/h5>\n<h5>mad max \/ book of eli \/ waterworld\/ legend etc.<\/h5>\n<h5>Vor zwei Jahren gab mir mein damaliger Chef Harald aus Coesfeld die DVD &#8220; <strong>Mit Herz und Hand <\/strong>!&#8220;<\/h5>\n<h5>Leute, jeder, der von sich sagt, er sei ein Biker, sollte diesen Film gesehen haben. Burt Monroe, das ist ein echter Biker.<!--nextpage--><\/h5>\n<h5>Nachdem mich dieser Film voll begeisterte, entstand der Wunsch:<\/h5>\n<h5>Selber etwas zusammen schrauben, was nicht jeder hat.<br \/>\nJa schrauben, so wie mit 12 Jahren an der alten roten Hummel in Hammerschlag.<br \/>\nNicht unbedingt in Richtung Geschwindigkeit, auch nicht die bekannten Ratten mit Wachskerzen auf dem Fender,<br \/>\nnein, eher in Richtung Endzeit. Ganz was Eigenes mit Richtung Zukunft.<img title=\"N\u00e4chste Seite \u2026\" src=\"http:\/\/teutostahl.de\/ts\/wp-includes\/js\/tinymce\/plugins\/wordpress\/img\/trans.gif\" alt=\"\" \/><!--nextpage--><\/h5>\n<h5>Und den Rest gab mir mein Freund J\u00fcrgen in seiner Werkstatt.<br \/>\nIch kam stolz mit meiner gl\u00e4nzenden Harley um die Ecke.<br \/>\nEr war total begeistert von dem Bike und ich fragte ihn, was er davon halten w\u00fcrde.<\/h5>\n<h5>Er meinte dann zu mir, und dabei verdunkelte sich sein Blick, er ging in sich, wurde dabei sogar etwas traurig: Ehrlich gesagt, meinte er, ehrlich gesagt:<\/h5>\n<h5>Total tolles Bike, aber viel zu schade f\u00fcr Dich.<br \/>\nDu hast die in den n\u00e4chsten Monaten voll runter gewirtschaftet und verhunzt.<br \/>\nDu putzt doch nie.<!--nextpage--><\/h5>\n<h5>Nun, J\u00fcrgen,\u00a0 mit dem ich auf unser Endurotour am Schwarzen Meer in der Ukraine, in Rum\u00e4nien und Moldawien Dreck gefressen habe, der kann sich das leisten.<br \/>\nDenn J\u00fcrgen hat Recht&#8230;ich bin nicht zum Putzen geboren&#8230;aber ich will schrauben, obwohl ich keinen technischen Beruf habe!<img title=\"N\u00e4chste Seite \u2026\" src=\"http:\/\/teutostahl.de\/ts\/wp-includes\/js\/tinymce\/plugins\/wordpress\/img\/trans.gif\" alt=\"\" \/><\/h5>\n<h5>Und dann schaute ich mich in seiner Halle um und sagte, dass sie jetzt geboren ist, die Idee&#8230;.J\u00fcrgen schaute skeptisch&#8230;..welche Idee fragte er.<\/h5>\n<h5>Ich sagte nur:<\/h5>\n<h5><strong>Teutostahl!<\/strong><\/h5>\n<h5>J\u00fcrgen lachte&#8230;aber ich war mir sicher.<br \/>\nEs gibt bestimmt irgendwo Gleichgesinnte, die Teutostahl auch gut finden.<img title=\"N\u00e4chste Seite \u2026\" src=\"http:\/\/teutostahl.de\/ts\/wp-includes\/js\/tinymce\/plugins\/wordpress\/img\/trans.gif\" alt=\"\" \/><!--nextpage--><\/h5>\n<h5>Ja..Stahl muss sein und man sollte ihn auch erkennen k\u00f6nnen.<br \/>\nUnd dann kommen wir ja auch vom Teutoburger Wald, Rio, J\u00fcrgen und die anderen\u00a0 Durchgeknallten.<br \/>\nAlso sollte es schon einen Bezug zum Thema und zum \u00f6rtlichen Ursprung der Idee haben.<\/h5>\n<h5>Ich habe mich dann mit Rio unterhalten.<br \/>\nRio fand die Idee auch gut und er war sofort bereit, mich zu unterst\u00fctzen und gemeinsam eine Internetseite auf zu bauen.<\/h5>\n<h5>Na ja, und das hat Rio draus gemacht. Und Ihr k\u00f6nnt helfen, sie weiter aus zu bauen.<\/h5>\n<h5>Diese Teutostahl &#8211; Seite ist f\u00fcr alle die verwandten Biker &#8211; Seelen, die sich auch f\u00fcr unsere Idee von Endzeitbikes oder\u00a0 &#8211; Cars begeistern k\u00f6nnen.<\/h5>\n<h5>Jeder, der auch etwas Interessantes in diese Richtung gebaut hat oder bauen m\u00f6chte, ist herzlich willkommen.<br \/>\nAlles Weitere wird sich gemeinsam mit Euch hier ergeben.<br \/>\nBin voll gespannt.<\/h5>\n<h4>Gru\u00df Bluesman<\/h4>\n","protected":false},"excerpt":{"rendered":"<p>Ich bin Bluesman&#8230; Ich m\u00f6chte zu Anfang einmal etwas zur Idee und Entstehung dieser Internetseite erz\u00e4hlen. Daf\u00fcr muss ich, typisch f\u00fcr mich, etwas weiter ausholen. Ich fange mal ganz vorne an: Mit 12 Jahren ging es los, als mir mein Vater eine DKW Hummel vom Schrott mitbrachte. Dann wurde angefangen, an Mopeds rum zu schrauben. [&hellip;]<\/p>\n","protected":false},"author":1,"featured_media":0,"parent":54,"menu_order":3,"comment_status":"open","ping_status":"open","template":"","meta":{"ngg_post_thumbnail":0},"_links":{"self":[{"href":"https:\/\/teutostahl.de\/ts\/wp-json\/wp\/v2\/pages\/80"}],"collection":[{"href":"https:\/\/teutostahl.de\/ts\/wp-json\/wp\/v2\/pages"}],"about":[{"href":"https:\/\/teutostahl.de\/ts\/wp-json\/wp\/v2\/types\/page"}],"author":[{"embeddable":true,"href":"https:\/\/teutostahl.de\/ts\/wp-json\/wp\/v2\/users\/1"}],"replies":[{"embeddable":true,"href":"https:\/\/teutostahl.de\/ts\/wp-json\/wp\/v2\/comments?post=80"}],"version-history":[{"count":9,"href":"https:\/\/teutostahl.de\/ts\/wp-json\/wp\/v2\/pages\/80\/revisions"}],"predecessor-version":[{"id":99,"href":"https:\/\/teutostahl.de\/ts\/wp-json\/wp\/v2\/pages\/80\/revisions\/99"}],"up":[{"embeddable":true,"href":"https:\/\/teutostahl.de\/ts\/wp-json\/wp\/v2\/pages\/54"}],"wp:attachment":[{"href":"https:\/\/teutostahl.de\/ts\/wp-json\/wp\/v2\/media?parent=80"}],"curies":[{"name":"wp","href":"https:\/\/api.w.org\/{rel}","templated":true}]}}