{"id":54,"date":"2012-10-16T00:41:26","date_gmt":"2012-10-15T22:41:26","guid":{"rendered":"http:\/\/teutostahl.de\/ts\/?page_id=54"},"modified":"2012-10-16T08:12:13","modified_gmt":"2012-10-16T06:12:13","slug":"uber-uns","status":"publish","type":"page","link":"https:\/\/teutostahl.de\/ts\/uber-uns\/","title":{"rendered":"von Anfang an"},"content":{"rendered":"<h3><a title=\"Bluesman\" href=\"http:\/\/teutostahl.de\/ts\/uber-uns\/bluesman\/\">Bluesman&#8230;<\/a><\/h3>\n<h5>Ich bin Bluesman&#8230;<br \/>\n(also mein Freund Rio, nennt mich Bluesman, dazu aber sp\u00e4ter mehr&#8230;.. ).<\/h5>\n<h5>Ich m\u00f6chte zu Anfang einmal etwas zur Idee und Entstehung dieser Internetseite erz\u00e4hlen.<\/h5>\n<h5>Daf\u00fcr muss ich, typisch f\u00fcr mich, etwas weiter ausholen&#8230;<\/h5>\n<h5 style=\"text-align: right;\"><a title=\"Bluesman\" href=\"http:\/\/teutostahl.de\/ts\/uber-uns\/bluesman\/\">weiter<\/a><\/h5>\n<h3><a title=\"Rio\" href=\"http:\/\/#\">Rio&#8230;<\/a><\/h3>\n<h5>&#8230; in Bearbeitung<\/h5>\n","protected":false},"excerpt":{"rendered":"<p>Bluesman&#8230; Ich bin Bluesman&#8230; (also mein Freund Rio, nennt mich Bluesman, dazu aber sp\u00e4ter mehr&#8230;.. ). Ich m\u00f6chte zu Anfang einmal etwas zur Idee und Entstehung dieser Internetseite erz\u00e4hlen. Daf\u00fcr muss ich, typisch f\u00fcr mich, etwas weiter ausholen&#8230; weiter Rio&#8230; &#8230; in Bearbeitung<\/p>\n","protected":false},"author":1,"featured_media":0,"parent":0,"menu_order":1,"comment_status":"open","ping_status":"closed","template":"","meta":{"ngg_post_thumbnail":0},"_links":{"self":[{"href":"https:\/\/teutostahl.de\/ts\/wp-json\/wp\/v2\/pages\/54"}],"collection":[{"href":"https:\/\/teutostahl.de\/ts\/wp-json\/wp\/v2\/pages"}],"about":[{"href":"https:\/\/teutostahl.de\/ts\/wp-json\/wp\/v2\/types\/page"}],"author":[{"embeddable":true,"href":"https:\/\/teutostahl.de\/ts\/wp-json\/wp\/v2\/users\/1"}],"replies":[{"embeddable":true,"href":"https:\/\/teutostahl.de\/ts\/wp-json\/wp\/v2\/comments?post=54"}],"version-history":[{"count":18,"href":"https:\/\/teutostahl.de\/ts\/wp-json\/wp\/v2\/pages\/54\/revisions"}],"predecessor-version":[{"id":100,"href":"https:\/\/teutostahl.de\/ts\/wp-json\/wp\/v2\/pages\/54\/revisions\/100"}],"wp:attachment":[{"href":"https:\/\/teutostahl.de\/ts\/wp-json\/wp\/v2\/media?parent=54"}],"curies":[{"name":"wp","href":"https:\/\/api.w.org\/{rel}","templated":true}]}}